{"id":729,"date":"2018-09-11T10:44:53","date_gmt":"2018-09-11T09:44:53","guid":{"rendered":"https:\/\/www.isaia.ricchezzeumane.it\/?page_id=729"},"modified":"2019-01-02T20:29:07","modified_gmt":"2019-01-02T19:29:07","slug":"vera-oliveira","status":"publish","type":"page","link":"https:\/\/isaia.ricchezzeumane.it\/en\/vera-oliveira\/","title":{"rendered":"Vera Oliveira"},"content":{"rendered":"<p>[et_pb_section fb_built=&#8221;1&#8243; fullwidth=&#8221;on&#8221; _builder_version=&#8221;3.0.47&#8243;][et_pb_fullwidth_slider _builder_version=&#8221;3.19.3&#8243; background_image=&#8221;https:\/\/www.isaia.ricchezzeumane.it\/wp-content\/uploads\/2015\/06\/1-modulo-crop.jpg&#8221; button_text_size__hover_enabled=&#8221;off&#8221; button_one_text_size__hover_enabled=&#8221;off&#8221; button_two_text_size__hover_enabled=&#8221;off&#8221; button_text_color__hover_enabled=&#8221;off&#8221; button_one_text_color__hover_enabled=&#8221;off&#8221; button_two_text_color__hover_enabled=&#8221;off&#8221; button_border_width__hover_enabled=&#8221;off&#8221; button_one_border_width__hover_enabled=&#8221;off&#8221; button_two_border_width__hover_enabled=&#8221;off&#8221; button_border_color__hover_enabled=&#8221;off&#8221; button_one_border_color__hover_enabled=&#8221;off&#8221; button_two_border_color__hover_enabled=&#8221;off&#8221; button_border_radius__hover_enabled=&#8221;off&#8221; button_one_border_radius__hover_enabled=&#8221;off&#8221; button_two_border_radius__hover_enabled=&#8221;off&#8221; button_letter_spacing__hover_enabled=&#8221;off&#8221; button_one_letter_spacing__hover_enabled=&#8221;off&#8221; button_two_letter_spacing__hover_enabled=&#8221;off&#8221; button_bg_color__hover_enabled=&#8221;off&#8221; button_one_bg_color__hover_enabled=&#8221;off&#8221; button_two_bg_color__hover_enabled=&#8221;off&#8221;][et_pb_slide heading=&#8221;Vera Oliveira&#8221; use_bg_overlay=&#8221;off&#8221; use_text_overlay=&#8221;off&#8221; _builder_version=&#8221;3.19.3&#8243; button_on_hover=&#8221;on&#8221; button_text_size__hover_enabled=&#8221;off&#8221; button_one_text_size__hover_enabled=&#8221;off&#8221; button_two_text_size__hover_enabled=&#8221;off&#8221; button_text_color__hover_enabled=&#8221;off&#8221; button_one_text_color__hover_enabled=&#8221;off&#8221; button_two_text_color__hover_enabled=&#8221;off&#8221; button_border_width__hover_enabled=&#8221;off&#8221; button_one_border_width__hover_enabled=&#8221;off&#8221; button_two_border_width__hover_enabled=&#8221;off&#8221; button_border_color__hover_enabled=&#8221;off&#8221; button_one_border_color__hover_enabled=&#8221;off&#8221; button_two_border_color__hover_enabled=&#8221;off&#8221; button_border_radius__hover_enabled=&#8221;off&#8221; button_one_border_radius__hover_enabled=&#8221;off&#8221; button_two_border_radius__hover_enabled=&#8221;off&#8221; button_letter_spacing__hover_enabled=&#8221;off&#8221; button_one_letter_spacing__hover_enabled=&#8221;off&#8221; button_two_letter_spacing__hover_enabled=&#8221;off&#8221; button_bg_color__hover_enabled=&#8221;off&#8221; button_one_bg_color__hover_enabled=&#8221;off&#8221; button_two_bg_color__hover_enabled=&#8221;off&#8221; background_image=&#8221;https:\/\/www.isaia.ricchezzeumane.it\/wp-content\/uploads\/2019\/01\/1-Leggi-Invisibili-1.jpg&#8221;][\/et_pb_slide][\/et_pb_fullwidth_slider][\/et_pb_section][et_pb_section fb_built=&#8221;1&#8243; _builder_version=&#8221;3.0.47&#8243;][et_pb_row _builder_version=&#8221;3.0.48&#8243; background_size=&#8221;initial&#8221; background_position=&#8221;top_left&#8221; background_repeat=&#8221;repeat&#8221;][et_pb_column type=&#8221;1_2&#8243; _builder_version=&#8221;3.0.47&#8243; parallax=&#8221;off&#8221; parallax_method=&#8221;on&#8221;][et_pb_text _builder_version=&#8221;3.10.1&#8243;]<strong>Vera Oliveira<\/strong> (Brasile, 1963) is an industrial engineer who graduated from the Federal University of Rio de Janeiro, with a subsequent specialization in Marketing, Biography, Counseling, Executive Coaching and Mediation. She has developed her career in facilitating processes of cultural and strategic change, corporate reorganization and information technology. While a partner at PriceWaterhouseCoopers (PwC), she reorganized the Brazilian facility and was employed as HR Director.<br \/>\n[\/et_pb_text][\/et_pb_column][et_pb_column type=&#8221;1_2&#8243; _builder_version=&#8221;3.0.47&#8243; parallax=&#8221;off&#8221; parallax_method=&#8221;on&#8221;][et_pb_text _builder_version=&#8221;3.10.1&#8243;]Vera has a long experience of high-level executive coaching, leadership and team development, with a focus on humanizing organizations as a cultural transformation in organizations in Brazil, Latin America and the USA. She is one of the founding members of EcoSocial, a company accredited by ICF with 40 coaches and a member of the Association for Social Development (ASD) and the International Coach Federation (ICF).<br \/>\nShe has been a partner of ADIGO Consultores for about twenty years and is co-founder and partner of the LUMO company<br \/>\n[\/et_pb_text][\/et_pb_column][\/et_pb_row][\/et_pb_section]<\/p>\n","protected":false},"excerpt":{"rendered":"<p>Vera Oliveira (Brasile, 1963) is an industrial engineer who graduated from the Federal University of Rio de Janeiro, with a subsequent specialization in Marketing, Biography, Counseling, Executive Coaching and Mediation. She has developed her career in facilitating processes of cultural and strategic change, corporate reorganization and information technology. While a partner at PriceWaterhouseCoopers (PwC), she [&hellip;]<\/p>\n","protected":false},"author":2,"featured_media":0,"parent":0,"menu_order":0,"comment_status":"closed","ping_status":"closed","template":"","meta":{"_et_pb_use_builder":"on","_et_pb_old_content":"Vera Oliveira (Brasile, 1963) \u00e8 un ingegnere industriale laureatasi all\u2019Universit\u00e0 Federale di Rio de Janeiro, con successiva specializzazione in Marketing, Biografia, Counseling, Executive Coaching e Mediazione. Ha sviluppato la sua carriera nella facilitazione di processi di cambiamento culturale e strategico, riorganizzazioni aziendali e information technology.\r\nMentre era un partner alla PriceWaterhouseCoopers (PwC), ha riorganizzato la struttura brasiliana e ricoperto il ruolo di Direttore HR. Vera ha una lunga esperienza di executive coaching di alto livello, sviluppo della leadership e dei team, con un focus sulla umanizzazione delle organizzazioni come trasformazione culturale in organizzazioni del Brasile, America Latina e USA. \r\n\u00c8 uno dei membri fondatori di EcoSocial, una societ\u00e0 accreditata da ICF con 40 coaches, \u00e8 membro della Association for Social Development (ASD) e della International Coach Federation (ICF). \r\n\u00c8 stata partner della societ\u00e0 ADIGO Consultores per circa venti anni ed \u00e8 cofondatrice di e partner della societ\u00e0 Lumo.","_et_gb_content_width":"","footnotes":""},"class_list":["post-729","page","type-page","status-publish","hentry"],"yoast_head":"<!-- This site is optimized with the Yoast SEO plugin v23.6 - https:\/\/yoast.com\/wordpress\/plugins\/seo\/ -->\n<title>Vera Oliveira &#8226; ISAIA \u2022 Ricchezze Umane<\/title>\n<meta name=\"robots\" content=\"index, follow, max-snippet:-1, max-image-preview:large, max-video-preview:-1\" \/>\n<link rel=\"canonical\" href=\"https:\/\/isaia.ricchezzeumane.it\/en\/vera-oliveira\/\" \/>\n<meta property=\"og:locale\" content=\"en_US\" \/>\n<meta property=\"og:type\" content=\"article\" \/>\n<meta property=\"og:title\" content=\"Vera Oliveira &#8226; ISAIA \u2022 Ricchezze Umane\" \/>\n<meta property=\"og:description\" content=\"Vera Oliveira (Brasile, 1963) is an industrial engineer who graduated from the Federal University of Rio de Janeiro, with a subsequent specialization in Marketing, Biography, Counseling, Executive Coaching and Mediation. She has developed her career in facilitating processes of cultural and strategic change, corporate reorganization and information technology. While a partner at PriceWaterhouseCoopers (PwC), she [&hellip;]\" \/>\n<meta property=\"og:url\" content=\"https:\/\/isaia.ricchezzeumane.it\/en\/vera-oliveira\/\" \/>\n<meta property=\"og:site_name\" content=\"ISAIA \u2022 Ricchezze Umane\" \/>\n<meta property=\"article:modified_time\" content=\"2019-01-02T19:29:07+00:00\" \/>\n<meta name=\"twitter:card\" content=\"summary_large_image\" \/>\n<meta name=\"twitter:label1\" content=\"Est. reading time\" \/>\n\t<meta name=\"twitter:data1\" content=\"3 minutes\" \/>\n<script type=\"application\/ld+json\" class=\"yoast-schema-graph\">{\"@context\":\"https:\/\/schema.org\",\"@graph\":[{\"@type\":\"WebPage\",\"@id\":\"https:\/\/isaia.ricchezzeumane.it\/en\/vera-oliveira\/\",\"url\":\"https:\/\/isaia.ricchezzeumane.it\/en\/vera-oliveira\/\",\"name\":\"Vera Oliveira &#8226; ISAIA \u2022 Ricchezze Umane\",\"isPartOf\":{\"@id\":\"https:\/\/isaia.ricchezzeumane.it\/#website\"},\"datePublished\":\"2018-09-11T09:44:53+00:00\",\"dateModified\":\"2019-01-02T19:29:07+00:00\",\"breadcrumb\":{\"@id\":\"https:\/\/isaia.ricchezzeumane.it\/en\/vera-oliveira\/#breadcrumb\"},\"inLanguage\":\"en-US\",\"potentialAction\":[{\"@type\":\"ReadAction\",\"target\":[\"https:\/\/isaia.ricchezzeumane.it\/en\/vera-oliveira\/\"]}]},{\"@type\":\"BreadcrumbList\",\"@id\":\"https:\/\/isaia.ricchezzeumane.it\/en\/vera-oliveira\/#breadcrumb\",\"itemListElement\":[{\"@type\":\"ListItem\",\"position\":1,\"name\":\"Home\",\"item\":\"https:\/\/isaia.ricchezzeumane.it\/en\/\"},{\"@type\":\"ListItem\",\"position\":2,\"name\":\"Vera Oliveira\"}]},{\"@type\":\"WebSite\",\"@id\":\"https:\/\/isaia.ricchezzeumane.it\/#website\",\"url\":\"https:\/\/isaia.ricchezzeumane.it\/\",\"name\":\"ISAIA \u2022 Ricchezze Umane\",\"description\":\"\",\"publisher\":{\"@id\":\"https:\/\/isaia.ricchezzeumane.it\/#organization\"},\"potentialAction\":[{\"@type\":\"SearchAction\",\"target\":{\"@type\":\"EntryPoint\",\"urlTemplate\":\"https:\/\/isaia.ricchezzeumane.it\/?s={search_term_string}\"},\"query-input\":{\"@type\":\"PropertyValueSpecification\",\"valueRequired\":true,\"valueName\":\"search_term_string\"}}],\"inLanguage\":\"en-US\"},{\"@type\":\"Organization\",\"@id\":\"https:\/\/isaia.ricchezzeumane.it\/#organization\",\"name\":\"Ricchezze Umane - Corrado Docente & Co. S.a.s.\",\"url\":\"https:\/\/isaia.ricchezzeumane.it\/\",\"logo\":{\"@type\":\"ImageObject\",\"inLanguage\":\"en-US\",\"@id\":\"https:\/\/isaia.ricchezzeumane.it\/#\/schema\/logo\/image\/\",\"url\":\"https:\/\/isaia.ricchezzeumane.it\/wp-content\/uploads\/2018\/09\/isaia.png\",\"contentUrl\":\"https:\/\/isaia.ricchezzeumane.it\/wp-content\/uploads\/2018\/09\/isaia.png\",\"width\":597,\"height\":286,\"caption\":\"Ricchezze Umane - Corrado Docente & Co. S.a.s.\"},\"image\":{\"@id\":\"https:\/\/isaia.ricchezzeumane.it\/#\/schema\/logo\/image\/\"},\"sameAs\":[\"https:\/\/www.linkedin.com\/in\/corrado-docente-93668814\/\"]}]}<\/script>\n<!-- \/ Yoast SEO plugin. -->","yoast_head_json":{"title":"Vera Oliveira &#8226; ISAIA \u2022 Ricchezze Umane","robots":{"index":"index","follow":"follow","max-snippet":"max-snippet:-1","max-image-preview":"max-image-preview:large","max-video-preview":"max-video-preview:-1"},"canonical":"https:\/\/isaia.ricchezzeumane.it\/en\/vera-oliveira\/","og_locale":"en_US","og_type":"article","og_title":"Vera Oliveira &#8226; ISAIA \u2022 Ricchezze Umane","og_description":"Vera Oliveira (Brasile, 1963) is an industrial engineer who graduated from the Federal University of Rio de Janeiro, with a subsequent specialization in Marketing, Biography, Counseling, Executive Coaching and Mediation. She has developed her career in facilitating processes of cultural and strategic change, corporate reorganization and information technology. While a partner at PriceWaterhouseCoopers (PwC), she [&hellip;]","og_url":"https:\/\/isaia.ricchezzeumane.it\/en\/vera-oliveira\/","og_site_name":"ISAIA \u2022 Ricchezze Umane","article_modified_time":"2019-01-02T19:29:07+00:00","twitter_card":"summary_large_image","twitter_misc":{"Est. reading time":"3 minutes"},"schema":{"@context":"https:\/\/schema.org","@graph":[{"@type":"WebPage","@id":"https:\/\/isaia.ricchezzeumane.it\/en\/vera-oliveira\/","url":"https:\/\/isaia.ricchezzeumane.it\/en\/vera-oliveira\/","name":"Vera Oliveira &#8226; ISAIA \u2022 Ricchezze Umane","isPartOf":{"@id":"https:\/\/isaia.ricchezzeumane.it\/#website"},"datePublished":"2018-09-11T09:44:53+00:00","dateModified":"2019-01-02T19:29:07+00:00","breadcrumb":{"@id":"https:\/\/isaia.ricchezzeumane.it\/en\/vera-oliveira\/#breadcrumb"},"inLanguage":"en-US","potentialAction":[{"@type":"ReadAction","target":["https:\/\/isaia.ricchezzeumane.it\/en\/vera-oliveira\/"]}]},{"@type":"BreadcrumbList","@id":"https:\/\/isaia.ricchezzeumane.it\/en\/vera-oliveira\/#breadcrumb","itemListElement":[{"@type":"ListItem","position":1,"name":"Home","item":"https:\/\/isaia.ricchezzeumane.it\/en\/"},{"@type":"ListItem","position":2,"name":"Vera Oliveira"}]},{"@type":"WebSite","@id":"https:\/\/isaia.ricchezzeumane.it\/#website","url":"https:\/\/isaia.ricchezzeumane.it\/","name":"ISAIA \u2022 Ricchezze Umane","description":"","publisher":{"@id":"https:\/\/isaia.ricchezzeumane.it\/#organization"},"potentialAction":[{"@type":"SearchAction","target":{"@type":"EntryPoint","urlTemplate":"https:\/\/isaia.ricchezzeumane.it\/?s={search_term_string}"},"query-input":{"@type":"PropertyValueSpecification","valueRequired":true,"valueName":"search_term_string"}}],"inLanguage":"en-US"},{"@type":"Organization","@id":"https:\/\/isaia.ricchezzeumane.it\/#organization","name":"Ricchezze Umane - Corrado Docente & Co. S.a.s.","url":"https:\/\/isaia.ricchezzeumane.it\/","logo":{"@type":"ImageObject","inLanguage":"en-US","@id":"https:\/\/isaia.ricchezzeumane.it\/#\/schema\/logo\/image\/","url":"https:\/\/isaia.ricchezzeumane.it\/wp-content\/uploads\/2018\/09\/isaia.png","contentUrl":"https:\/\/isaia.ricchezzeumane.it\/wp-content\/uploads\/2018\/09\/isaia.png","width":597,"height":286,"caption":"Ricchezze Umane - Corrado Docente & Co. S.a.s."},"image":{"@id":"https:\/\/isaia.ricchezzeumane.it\/#\/schema\/logo\/image\/"},"sameAs":["https:\/\/www.linkedin.com\/in\/corrado-docente-93668814\/"]}]}},"_links":{"self":[{"href":"https:\/\/isaia.ricchezzeumane.it\/en\/wp-json\/wp\/v2\/pages\/729"}],"collection":[{"href":"https:\/\/isaia.ricchezzeumane.it\/en\/wp-json\/wp\/v2\/pages"}],"about":[{"href":"https:\/\/isaia.ricchezzeumane.it\/en\/wp-json\/wp\/v2\/types\/page"}],"author":[{"embeddable":true,"href":"https:\/\/isaia.ricchezzeumane.it\/en\/wp-json\/wp\/v2\/users\/2"}],"replies":[{"embeddable":true,"href":"https:\/\/isaia.ricchezzeumane.it\/en\/wp-json\/wp\/v2\/comments?post=729"}],"version-history":[{"count":0,"href":"https:\/\/isaia.ricchezzeumane.it\/en\/wp-json\/wp\/v2\/pages\/729\/revisions"}],"wp:attachment":[{"href":"https:\/\/isaia.ricchezzeumane.it\/en\/wp-json\/wp\/v2\/media?parent=729"}],"curies":[{"name":"wp","href":"https:\/\/api.w.org\/{rel}","templated":true}]}}