{"id":753,"date":"2018-09-11T10:51:27","date_gmt":"2018-09-11T09:51:27","guid":{"rendered":"https:\/\/www.isaia.ricchezzeumane.it\/corrado-docente\/"},"modified":"2018-10-19T21:46:35","modified_gmt":"2018-10-19T19:46:35","slug":"corrado-docente","status":"publish","type":"page","link":"https:\/\/isaia.ricchezzeumane.it\/en\/corrado-docente\/","title":{"rendered":"Corrado Docente"},"content":{"rendered":"<p>[et_pb_section bb_built=&#8221;1&#8243; fullwidth=&#8221;on&#8221; specialty=&#8221;off&#8221; next_background_color=&#8221;#000000&#8243;][et_pb_fullwidth_slider _builder_version=&#8221;3.10.1&#8243;][et_pb_slide _builder_version=&#8221;3.10.1&#8243; heading=&#8221;Corrado Docente&#8221; button_link=&#8221;#&#8221; background_color=&#8221;#7EBEC5&#8243; use_background_color_gradient=&#8221;off&#8221; background_color_gradient_start=&#8221;#2b87da&#8221; background_color_gradient_end=&#8221;#29c4a9&#8243; background_color_gradient_type=&#8221;linear&#8221; background_color_gradient_direction=&#8221;180deg&#8221; background_color_gradient_direction_radial=&#8221;center&#8221; background_color_gradient_start_position=&#8221;0%&#8221; background_color_gradient_end_position=&#8221;100%&#8221; background_color_gradient_overlays_image=&#8221;off&#8221; background_image=&#8221;https:\/\/www.isaia.ricchezzeumane.it\/wp-content\/uploads\/2015\/06\/storia1.jpg&#8221; parallax=&#8221;off&#8221; parallax_method=&#8221;on&#8221; background_size=&#8221;cover&#8221; background_position=&#8221;center&#8221; background_repeat=&#8221;no-repeat&#8221; background_blend=&#8221;normal&#8221; allow_player_pause=&#8221;off&#8221; background_video_pause_outside_viewport=&#8221;on&#8221; use_bg_overlay=&#8221;off&#8221; use_text_overlay=&#8221;off&#8221; text_border_radius=&#8221;3&#8243; alignment=&#8221;center&#8221; child_filter_hue_rotate=&#8221;0deg&#8221; child_filter_saturate=&#8221;100%&#8221; child_filter_brightness=&#8221;100%&#8221; child_filter_contrast=&#8221;100%&#8221; child_filter_invert=&#8221;0%&#8221; child_filter_sepia=&#8221;0%&#8221; child_filter_opacity=&#8221;100%&#8221; child_filter_blur=&#8221;0px&#8221; child_mix_blend_mode=&#8221;normal&#8221; background_layout=&#8221;dark&#8221; text_shadow_style=&#8221;none&#8221; header_text_shadow_style=&#8221;none&#8221; body_text_shadow_style=&#8221;none&#8221; custom_button=&#8221;off&#8221; button_bg_use_color_gradient=&#8221;off&#8221; button_bg_color_gradient_overlays_image=&#8221;off&#8221; button_use_icon=&#8221;on&#8221; button_on_hover=&#8221;on&#8221; button_text_shadow_style=&#8221;none&#8221; box_shadow_style_button=&#8221;none&#8221; \/][\/et_pb_fullwidth_slider][\/et_pb_section][et_pb_section bb_built=&#8221;1&#8243; prev_background_color=&#8221;#000000&#8243;][et_pb_row][et_pb_column type=&#8221;1_2&#8243;][et_pb_text _builder_version=&#8221;3.10.1&#8243;]<\/p>\n<p><strong>Corrado Docente<\/strong> (Italy, 1963), expert in the development of transversal skills in organizations, is the founder of RICCHEZZE UMANE, a company specialized in Corporate Coaching, adult learning and management consulting. His professional background was initially formed as a young entrepreneur, then marketing consultant, then corporate manager, first as Marketing Manager and then as Sales Manager.<\/p>\n<p>[\/et_pb_text][\/et_pb_column][et_pb_column type=&#8221;1_2&#8243;][et_pb_text _builder_version=&#8221;3.10.1&#8243;]<\/p>\n<p>He studied Political Sciences with an economic background, furthering his studies with a Master in Marketing and Business Administration. For years he has facilitated professional and personal growth paths for entrepreneurs and managers.<br \/>\nSince 2003 he has increasingly specialized in executive and corporate coaching, developing a recognizable and effective version together with other Ricchezze Umane colleagues.<br \/>\nHe is an active member of several professional coach networks, including AXIALENT, ASD and NALM. He is the program curator.<\/p>\n<p>[\/et_pb_text][\/et_pb_column][\/et_pb_row][\/et_pb_section]<\/p>\n","protected":false},"excerpt":{"rendered":"<p><div class=\"et_pb_row et_pb_row_0 et_pb_row_empty\">\n\t\t\t\t\n\t\t\t\t\n\t\t\t\t\n\t\t\t\t\n\t\t\t\t\n\t\t\t<\/div> Corrado Docente (Italy, 1963), expert in the development of transversal skills in organizations, is the founder of RICCHEZZE UMANE, a company specialized in Corporate Coaching, adult learning and management consulting. His professional background was initially formed as a young entrepreneur, then marketing consultant, then corporate manager, first as Marketing Manager and then as Sales [&hellip;]<\/p>\n","protected":false},"author":2,"featured_media":0,"parent":0,"menu_order":0,"comment_status":"closed","ping_status":"closed","template":"","meta":{"_et_pb_use_builder":"on","_et_pb_old_content":"Corrado Docente (Italia, 1963) esperto nello sviluppo delle competenze trasversali nelle organizzazioni \u00e8 il fondatore di RICCHEZZE UMANE, societ\u00e0 specializzata in Corporate Coaching, apprendimento adulto e consulenza manageriale, il suo background professionale si \u00e8 costruito prima come giovane imprenditore, poi consulente marketing, quindi dirigente di aziende, prima come Direttore Marketing e poi come Direttore Commerciale. \r\nHa studiato Scienze Politiche ad indirizzo economico, approfondendo con un Master in Marketing ed Economia Aziendale, da anni facilita i percorsi di crescita professionale e personale rivolti ad imprenditori e dirigenti. \r\nDal 2003 si \u00e8 sempre pi\u00f9 specializzato in executive e corporate coaching, elaborandone insieme agli altri colleghi di Ricchezze Umane una versione riconoscibile ed efficace.  \r\n\u00c8 membro attivo di diversi network europei di coach professionisti, tra cui AXIALENT, ASTERYS, ASD e NALM. \r\n\u00c8 il curatore del programma.","_et_gb_content_width":"","footnotes":""},"class_list":["post-753","page","type-page","status-publish","hentry"],"yoast_head":"<!-- This site is optimized with the Yoast SEO plugin v23.6 - https:\/\/yoast.com\/wordpress\/plugins\/seo\/ -->\n<title>Corrado Docente &#8226; ISAIA \u2022 Ricchezze Umane<\/title>\n<meta name=\"robots\" content=\"index, follow, max-snippet:-1, max-image-preview:large, max-video-preview:-1\" \/>\n<link rel=\"canonical\" href=\"https:\/\/isaia.ricchezzeumane.it\/en\/corrado-docente\/\" \/>\n<meta property=\"og:locale\" content=\"en_US\" \/>\n<meta property=\"og:type\" content=\"article\" \/>\n<meta property=\"og:title\" content=\"Corrado Docente &#8226; ISAIA \u2022 Ricchezze Umane\" \/>\n<meta property=\"og:description\" content=\"Corrado Docente (Italy, 1963), expert in the development of transversal skills in organizations, is the founder of RICCHEZZE UMANE, a company specialized in Corporate Coaching, adult learning and management consulting. His professional background was initially formed as a young entrepreneur, then marketing consultant, then corporate manager, first as Marketing Manager and then as Sales [&hellip;]\" \/>\n<meta property=\"og:url\" content=\"https:\/\/isaia.ricchezzeumane.it\/en\/corrado-docente\/\" \/>\n<meta property=\"og:site_name\" content=\"ISAIA \u2022 Ricchezze Umane\" \/>\n<meta property=\"article:modified_time\" content=\"2018-10-19T19:46:35+00:00\" \/>\n<meta name=\"twitter:card\" content=\"summary_large_image\" \/>\n<meta name=\"twitter:label1\" content=\"Est. reading time\" \/>\n\t<meta name=\"twitter:data1\" content=\"2 minutes\" \/>\n<script type=\"application\/ld+json\" class=\"yoast-schema-graph\">{\"@context\":\"https:\/\/schema.org\",\"@graph\":[{\"@type\":\"WebPage\",\"@id\":\"https:\/\/isaia.ricchezzeumane.it\/en\/corrado-docente\/\",\"url\":\"https:\/\/isaia.ricchezzeumane.it\/en\/corrado-docente\/\",\"name\":\"Corrado Docente &#8226; ISAIA \u2022 Ricchezze Umane\",\"isPartOf\":{\"@id\":\"https:\/\/isaia.ricchezzeumane.it\/#website\"},\"datePublished\":\"2018-09-11T09:51:27+00:00\",\"dateModified\":\"2018-10-19T19:46:35+00:00\",\"breadcrumb\":{\"@id\":\"https:\/\/isaia.ricchezzeumane.it\/en\/corrado-docente\/#breadcrumb\"},\"inLanguage\":\"en-US\",\"potentialAction\":[{\"@type\":\"ReadAction\",\"target\":[\"https:\/\/isaia.ricchezzeumane.it\/en\/corrado-docente\/\"]}]},{\"@type\":\"BreadcrumbList\",\"@id\":\"https:\/\/isaia.ricchezzeumane.it\/en\/corrado-docente\/#breadcrumb\",\"itemListElement\":[{\"@type\":\"ListItem\",\"position\":1,\"name\":\"Home\",\"item\":\"https:\/\/isaia.ricchezzeumane.it\/en\/\"},{\"@type\":\"ListItem\",\"position\":2,\"name\":\"Corrado Docente\"}]},{\"@type\":\"WebSite\",\"@id\":\"https:\/\/isaia.ricchezzeumane.it\/#website\",\"url\":\"https:\/\/isaia.ricchezzeumane.it\/\",\"name\":\"ISAIA \u2022 Ricchezze Umane\",\"description\":\"\",\"publisher\":{\"@id\":\"https:\/\/isaia.ricchezzeumane.it\/#organization\"},\"potentialAction\":[{\"@type\":\"SearchAction\",\"target\":{\"@type\":\"EntryPoint\",\"urlTemplate\":\"https:\/\/isaia.ricchezzeumane.it\/?s={search_term_string}\"},\"query-input\":{\"@type\":\"PropertyValueSpecification\",\"valueRequired\":true,\"valueName\":\"search_term_string\"}}],\"inLanguage\":\"en-US\"},{\"@type\":\"Organization\",\"@id\":\"https:\/\/isaia.ricchezzeumane.it\/#organization\",\"name\":\"Ricchezze Umane - Corrado Docente & Co. S.a.s.\",\"url\":\"https:\/\/isaia.ricchezzeumane.it\/\",\"logo\":{\"@type\":\"ImageObject\",\"inLanguage\":\"en-US\",\"@id\":\"https:\/\/isaia.ricchezzeumane.it\/#\/schema\/logo\/image\/\",\"url\":\"https:\/\/isaia.ricchezzeumane.it\/wp-content\/uploads\/2018\/09\/isaia.png\",\"contentUrl\":\"https:\/\/isaia.ricchezzeumane.it\/wp-content\/uploads\/2018\/09\/isaia.png\",\"width\":597,\"height\":286,\"caption\":\"Ricchezze Umane - Corrado Docente & Co. S.a.s.\"},\"image\":{\"@id\":\"https:\/\/isaia.ricchezzeumane.it\/#\/schema\/logo\/image\/\"},\"sameAs\":[\"https:\/\/www.linkedin.com\/in\/corrado-docente-93668814\/\"]}]}<\/script>\n<!-- \/ Yoast SEO plugin. -->","yoast_head_json":{"title":"Corrado Docente &#8226; ISAIA \u2022 Ricchezze Umane","robots":{"index":"index","follow":"follow","max-snippet":"max-snippet:-1","max-image-preview":"max-image-preview:large","max-video-preview":"max-video-preview:-1"},"canonical":"https:\/\/isaia.ricchezzeumane.it\/en\/corrado-docente\/","og_locale":"en_US","og_type":"article","og_title":"Corrado Docente &#8226; ISAIA \u2022 Ricchezze Umane","og_description":"Corrado Docente (Italy, 1963), expert in the development of transversal skills in organizations, is the founder of RICCHEZZE UMANE, a company specialized in Corporate Coaching, adult learning and management consulting. His professional background was initially formed as a young entrepreneur, then marketing consultant, then corporate manager, first as Marketing Manager and then as Sales [&hellip;]","og_url":"https:\/\/isaia.ricchezzeumane.it\/en\/corrado-docente\/","og_site_name":"ISAIA \u2022 Ricchezze Umane","article_modified_time":"2018-10-19T19:46:35+00:00","twitter_card":"summary_large_image","twitter_misc":{"Est. reading time":"2 minutes"},"schema":{"@context":"https:\/\/schema.org","@graph":[{"@type":"WebPage","@id":"https:\/\/isaia.ricchezzeumane.it\/en\/corrado-docente\/","url":"https:\/\/isaia.ricchezzeumane.it\/en\/corrado-docente\/","name":"Corrado Docente &#8226; ISAIA \u2022 Ricchezze Umane","isPartOf":{"@id":"https:\/\/isaia.ricchezzeumane.it\/#website"},"datePublished":"2018-09-11T09:51:27+00:00","dateModified":"2018-10-19T19:46:35+00:00","breadcrumb":{"@id":"https:\/\/isaia.ricchezzeumane.it\/en\/corrado-docente\/#breadcrumb"},"inLanguage":"en-US","potentialAction":[{"@type":"ReadAction","target":["https:\/\/isaia.ricchezzeumane.it\/en\/corrado-docente\/"]}]},{"@type":"BreadcrumbList","@id":"https:\/\/isaia.ricchezzeumane.it\/en\/corrado-docente\/#breadcrumb","itemListElement":[{"@type":"ListItem","position":1,"name":"Home","item":"https:\/\/isaia.ricchezzeumane.it\/en\/"},{"@type":"ListItem","position":2,"name":"Corrado Docente"}]},{"@type":"WebSite","@id":"https:\/\/isaia.ricchezzeumane.it\/#website","url":"https:\/\/isaia.ricchezzeumane.it\/","name":"ISAIA \u2022 Ricchezze Umane","description":"","publisher":{"@id":"https:\/\/isaia.ricchezzeumane.it\/#organization"},"potentialAction":[{"@type":"SearchAction","target":{"@type":"EntryPoint","urlTemplate":"https:\/\/isaia.ricchezzeumane.it\/?s={search_term_string}"},"query-input":{"@type":"PropertyValueSpecification","valueRequired":true,"valueName":"search_term_string"}}],"inLanguage":"en-US"},{"@type":"Organization","@id":"https:\/\/isaia.ricchezzeumane.it\/#organization","name":"Ricchezze Umane - Corrado Docente & Co. S.a.s.","url":"https:\/\/isaia.ricchezzeumane.it\/","logo":{"@type":"ImageObject","inLanguage":"en-US","@id":"https:\/\/isaia.ricchezzeumane.it\/#\/schema\/logo\/image\/","url":"https:\/\/isaia.ricchezzeumane.it\/wp-content\/uploads\/2018\/09\/isaia.png","contentUrl":"https:\/\/isaia.ricchezzeumane.it\/wp-content\/uploads\/2018\/09\/isaia.png","width":597,"height":286,"caption":"Ricchezze Umane - Corrado Docente & Co. S.a.s."},"image":{"@id":"https:\/\/isaia.ricchezzeumane.it\/#\/schema\/logo\/image\/"},"sameAs":["https:\/\/www.linkedin.com\/in\/corrado-docente-93668814\/"]}]}},"_links":{"self":[{"href":"https:\/\/isaia.ricchezzeumane.it\/en\/wp-json\/wp\/v2\/pages\/753"}],"collection":[{"href":"https:\/\/isaia.ricchezzeumane.it\/en\/wp-json\/wp\/v2\/pages"}],"about":[{"href":"https:\/\/isaia.ricchezzeumane.it\/en\/wp-json\/wp\/v2\/types\/page"}],"author":[{"embeddable":true,"href":"https:\/\/isaia.ricchezzeumane.it\/en\/wp-json\/wp\/v2\/users\/2"}],"replies":[{"embeddable":true,"href":"https:\/\/isaia.ricchezzeumane.it\/en\/wp-json\/wp\/v2\/comments?post=753"}],"version-history":[{"count":0,"href":"https:\/\/isaia.ricchezzeumane.it\/en\/wp-json\/wp\/v2\/pages\/753\/revisions"}],"wp:attachment":[{"href":"https:\/\/isaia.ricchezzeumane.it\/en\/wp-json\/wp\/v2\/media?parent=753"}],"curies":[{"name":"wp","href":"https:\/\/api.w.org\/{rel}","templated":true}]}}