{"id":771,"date":"2015-06-06T21:19:24","date_gmt":"2015-06-06T20:19:24","guid":{"rendered":"https:\/\/www.isaia.ricchezzeumane.it\/terzo-modulo\/"},"modified":"2019-01-02T19:59:46","modified_gmt":"2019-01-02T18:59:46","slug":"terzo-modulo","status":"publish","type":"page","link":"https:\/\/isaia.ricchezzeumane.it\/en\/terzo-modulo\/","title":{"rendered":"Third Module"},"content":{"rendered":"<p>[et_pb_section fb_built=&#8221;1&#8243; fullwidth=&#8221;on&#8221; _builder_version=&#8221;3.19.3&#8243;][et_pb_fullwidth_slider _builder_version=&#8221;3.19.3&#8243;][et_pb_slide heading=&#8221;Le facolt\u00e0 dell\u2019essere Corporate Coach tra Compito Evolutivo e Talento&#8221; _builder_version=&#8221;3.19.3&#8243; background_image=&#8221;https:\/\/www.isaia.ricchezzeumane.it\/wp-content\/uploads\/2019\/01\/3-Talento-e-Compito-Evolutivo.jpg&#8221; hover_enabled=&#8221;0&#8243; background__hover_enabled=&#8221;on&#8221;][\/et_pb_slide][\/et_pb_fullwidth_slider][\/et_pb_section][et_pb_section fb_built=&#8221;1&#8243; _builder_version=&#8221;3.0.47&#8243;][et_pb_row _builder_version=&#8221;3.19.3&#8243;][et_pb_column type=&#8221;4_4&#8243; _builder_version=&#8221;3.19.3&#8243; parallax=&#8221;off&#8221; parallax_method=&#8221;on&#8221;][et_pb_text _builder_version=&#8221;3.19.3&#8243;]<\/p>\n<h3>Third Module: September 26-28 2019<\/h3>\n<p>[\/et_pb_text][\/et_pb_column][\/et_pb_row][et_pb_row _builder_version=&#8221;3.0.48&#8243; background_size=&#8221;initial&#8221; background_position=&#8221;top_left&#8221; background_repeat=&#8221;repeat&#8221;][et_pb_column type=&#8221;1_2&#8243; _builder_version=&#8221;3.0.47&#8243; parallax=&#8221;off&#8221; parallax_method=&#8221;on&#8221;][et_pb_text _builder_version=&#8221;3.19.3&#8243; background_size=&#8221;initial&#8221; background_position=&#8221;top_left&#8221; background_repeat=&#8221;repeat&#8221;]<\/p>\n<p>In order to \u201cbe\u201d a coach, it is necessary to develop certain qualities and individual skills, which really represent the fundamentals of this art which is Coaching. This Module of the program will therefore be focused on these skills and on how to develop them.<\/p>\n<p>The themes that will be developed are:<\/p>\n<ul>\n<li>The new skills required by the Corporate Coach<\/li>\n<li>The\u00a0<em>Talent &amp; Task<\/em>model and its influence on human behavior<\/li>\n<li>The sense and importance of habits in change processes, resistance and identification of habits, work on habit changes, how they impact coaching processes, how to manage them in session.<\/li>\n<li>The\u00a0<em>Double<\/em>and its influence on behavior. Its true mission. Processes and tools to work towards its integration in an evolutionary key<\/li>\n<\/ul>\n<p>[\/et_pb_text][\/et_pb_column][et_pb_column type=&#8221;1_2&#8243; _builder_version=&#8221;3.0.47&#8243; parallax=&#8221;off&#8221; parallax_method=&#8221;on&#8221;][et_pb_text _builder_version=&#8221;3.19.3&#8243;]<\/p>\n<h4>Facilitatori:<\/h4>\n<p><strong><a href=\"http:\/\/ricchezzeumane.net\/annemarie-van-der-meer\/\" target=\"_blank\" rel=\"noopener\">Annemarie van der Meer<\/a><\/strong> (Olanda) e<br \/>\n<strong><a href=\"http:\/\/ricchezzeumane.net\/corrado-docente\/\" target=\"_blank\" rel=\"noopener\">Corrado Docente<\/a> <\/strong>(Italia)[\/et_pb_text][\/et_pb_column][\/et_pb_row][\/et_pb_section]<\/p>\n","protected":false},"excerpt":{"rendered":"<p>Third Module: September 26-28 2019In order to \u201cbe\u201d a coach, it is necessary to develop certain qualities and individual skills, which really represent the fundamentals of this art which is Coaching. This Module of the program will therefore be focused on these skills and on how to develop them. The themes that will be developed [&hellip;]<\/p>\n","protected":false},"author":2,"featured_media":0,"parent":0,"menu_order":0,"comment_status":"open","ping_status":"closed","template":"","meta":{"_et_pb_use_builder":"on","_et_pb_old_content":"<h3>Le facolt\u00e0 dell\u2019<em>essere<\/em> Corporate Coach tra <em>Compito<\/em> <em>Evolutivo e Talento<\/em><\/h3>\n<h4>26\/28 Settembre 2019<\/h4>\nPer \u201cessere\u201d coach occorre sviluppare determinate qualit\u00e0 e facolt\u00e0 individuali, che rappresentano davvero i fondamenti di questa arte che \u00e8 il Coaching. Questo Modulo del programma sar\u00e0 concentrato quindi su quali sono tali facolt\u00e0 e su come svilupparle. I temi che saranno sviluppati sono:\n<ul>\n \t<li>Le nuove facolt\u00e0 richieste al Corporate Coach<\/li>\n \t<li>Il modello <em>\u201cTalent &amp; Task\u201d<\/em> e la sua influenza sui comportamenti umani<\/li>\n \t<li>Il senso e l\u2019importanza delle abitudini nei processi di cambiamento, le resistenze e l\u2019identificazione delle abitudini, lavoro sul cambiamento delle abitudini, come impattano sui processi di coaching, come gestirle in sessione.<\/li>\n \t<li>Il <em>Doppio<\/em> e la sua influenza nei comportamenti. La sua vera missione. Processi e strumenti per lavorare alla sua integrazione in chiave evolutiva.<\/li>\n<\/ul>\n<h4>Facilitatori:<\/h4>\n<strong><a href=\"http:\/\/ricchezzeumane.net\/annemarie-van-der-meer\/\" target=\"_blank\" rel=\"noopener\">Annemarie van der Meer<\/a><\/strong> (Olanda) e <strong><a href=\"http:\/\/ricchezzeumane.net\/corrado-docente\/\" target=\"_blank\" rel=\"noopener\">Corrado Docente<\/a> <\/strong>(Italia)","_et_gb_content_width":"","footnotes":""},"class_list":["post-771","page","type-page","status-publish","hentry"],"yoast_head":"<!-- This site is optimized with the Yoast SEO plugin v23.6 - https:\/\/yoast.com\/wordpress\/plugins\/seo\/ -->\n<title>Third Module &#8226; ISAIA \u2022 Ricchezze Umane<\/title>\n<meta name=\"robots\" content=\"index, follow, max-snippet:-1, max-image-preview:large, max-video-preview:-1\" \/>\n<link rel=\"canonical\" href=\"https:\/\/isaia.ricchezzeumane.it\/en\/terzo-modulo\/\" \/>\n<meta property=\"og:locale\" content=\"en_US\" \/>\n<meta property=\"og:type\" content=\"article\" \/>\n<meta property=\"og:title\" content=\"Third Module &#8226; ISAIA \u2022 Ricchezze Umane\" \/>\n<meta property=\"og:description\" content=\"Third Module: September 26-28 2019In order to \u201cbe\u201d a coach, it is necessary to develop certain qualities and individual skills, which really represent the fundamentals of this art which is Coaching. This Module of the program will therefore be focused on these skills and on how to develop them. The themes that will be developed [&hellip;]\" \/>\n<meta property=\"og:url\" content=\"https:\/\/isaia.ricchezzeumane.it\/en\/terzo-modulo\/\" \/>\n<meta property=\"og:site_name\" content=\"ISAIA \u2022 Ricchezze Umane\" \/>\n<meta property=\"article:modified_time\" content=\"2019-01-02T18:59:46+00:00\" \/>\n<meta name=\"twitter:card\" content=\"summary_large_image\" \/>\n<meta name=\"twitter:label1\" content=\"Est. reading time\" \/>\n\t<meta name=\"twitter:data1\" content=\"2 minutes\" \/>\n<script type=\"application\/ld+json\" class=\"yoast-schema-graph\">{\"@context\":\"https:\/\/schema.org\",\"@graph\":[{\"@type\":\"WebPage\",\"@id\":\"https:\/\/isaia.ricchezzeumane.it\/en\/terzo-modulo\/\",\"url\":\"https:\/\/isaia.ricchezzeumane.it\/en\/terzo-modulo\/\",\"name\":\"Third Module &#8226; ISAIA \u2022 Ricchezze Umane\",\"isPartOf\":{\"@id\":\"https:\/\/isaia.ricchezzeumane.it\/#website\"},\"datePublished\":\"2015-06-06T20:19:24+00:00\",\"dateModified\":\"2019-01-02T18:59:46+00:00\",\"breadcrumb\":{\"@id\":\"https:\/\/isaia.ricchezzeumane.it\/en\/terzo-modulo\/#breadcrumb\"},\"inLanguage\":\"en-US\",\"potentialAction\":[{\"@type\":\"ReadAction\",\"target\":[\"https:\/\/isaia.ricchezzeumane.it\/en\/terzo-modulo\/\"]}]},{\"@type\":\"BreadcrumbList\",\"@id\":\"https:\/\/isaia.ricchezzeumane.it\/en\/terzo-modulo\/#breadcrumb\",\"itemListElement\":[{\"@type\":\"ListItem\",\"position\":1,\"name\":\"Home\",\"item\":\"https:\/\/isaia.ricchezzeumane.it\/en\/\"},{\"@type\":\"ListItem\",\"position\":2,\"name\":\"Third Module\"}]},{\"@type\":\"WebSite\",\"@id\":\"https:\/\/isaia.ricchezzeumane.it\/#website\",\"url\":\"https:\/\/isaia.ricchezzeumane.it\/\",\"name\":\"ISAIA \u2022 Ricchezze Umane\",\"description\":\"\",\"publisher\":{\"@id\":\"https:\/\/isaia.ricchezzeumane.it\/#organization\"},\"potentialAction\":[{\"@type\":\"SearchAction\",\"target\":{\"@type\":\"EntryPoint\",\"urlTemplate\":\"https:\/\/isaia.ricchezzeumane.it\/?s={search_term_string}\"},\"query-input\":{\"@type\":\"PropertyValueSpecification\",\"valueRequired\":true,\"valueName\":\"search_term_string\"}}],\"inLanguage\":\"en-US\"},{\"@type\":\"Organization\",\"@id\":\"https:\/\/isaia.ricchezzeumane.it\/#organization\",\"name\":\"Ricchezze Umane - Corrado Docente & Co. S.a.s.\",\"url\":\"https:\/\/isaia.ricchezzeumane.it\/\",\"logo\":{\"@type\":\"ImageObject\",\"inLanguage\":\"en-US\",\"@id\":\"https:\/\/isaia.ricchezzeumane.it\/#\/schema\/logo\/image\/\",\"url\":\"https:\/\/isaia.ricchezzeumane.it\/wp-content\/uploads\/2018\/09\/isaia.png\",\"contentUrl\":\"https:\/\/isaia.ricchezzeumane.it\/wp-content\/uploads\/2018\/09\/isaia.png\",\"width\":597,\"height\":286,\"caption\":\"Ricchezze Umane - Corrado Docente & Co. S.a.s.\"},\"image\":{\"@id\":\"https:\/\/isaia.ricchezzeumane.it\/#\/schema\/logo\/image\/\"},\"sameAs\":[\"https:\/\/www.linkedin.com\/in\/corrado-docente-93668814\/\"]}]}<\/script>\n<!-- \/ Yoast SEO plugin. -->","yoast_head_json":{"title":"Third Module &#8226; ISAIA \u2022 Ricchezze Umane","robots":{"index":"index","follow":"follow","max-snippet":"max-snippet:-1","max-image-preview":"max-image-preview:large","max-video-preview":"max-video-preview:-1"},"canonical":"https:\/\/isaia.ricchezzeumane.it\/en\/terzo-modulo\/","og_locale":"en_US","og_type":"article","og_title":"Third Module &#8226; ISAIA \u2022 Ricchezze Umane","og_description":"Third Module: September 26-28 2019In order to \u201cbe\u201d a coach, it is necessary to develop certain qualities and individual skills, which really represent the fundamentals of this art which is Coaching. This Module of the program will therefore be focused on these skills and on how to develop them. The themes that will be developed [&hellip;]","og_url":"https:\/\/isaia.ricchezzeumane.it\/en\/terzo-modulo\/","og_site_name":"ISAIA \u2022 Ricchezze Umane","article_modified_time":"2019-01-02T18:59:46+00:00","twitter_card":"summary_large_image","twitter_misc":{"Est. reading time":"2 minutes"},"schema":{"@context":"https:\/\/schema.org","@graph":[{"@type":"WebPage","@id":"https:\/\/isaia.ricchezzeumane.it\/en\/terzo-modulo\/","url":"https:\/\/isaia.ricchezzeumane.it\/en\/terzo-modulo\/","name":"Third Module &#8226; ISAIA \u2022 Ricchezze Umane","isPartOf":{"@id":"https:\/\/isaia.ricchezzeumane.it\/#website"},"datePublished":"2015-06-06T20:19:24+00:00","dateModified":"2019-01-02T18:59:46+00:00","breadcrumb":{"@id":"https:\/\/isaia.ricchezzeumane.it\/en\/terzo-modulo\/#breadcrumb"},"inLanguage":"en-US","potentialAction":[{"@type":"ReadAction","target":["https:\/\/isaia.ricchezzeumane.it\/en\/terzo-modulo\/"]}]},{"@type":"BreadcrumbList","@id":"https:\/\/isaia.ricchezzeumane.it\/en\/terzo-modulo\/#breadcrumb","itemListElement":[{"@type":"ListItem","position":1,"name":"Home","item":"https:\/\/isaia.ricchezzeumane.it\/en\/"},{"@type":"ListItem","position":2,"name":"Third Module"}]},{"@type":"WebSite","@id":"https:\/\/isaia.ricchezzeumane.it\/#website","url":"https:\/\/isaia.ricchezzeumane.it\/","name":"ISAIA \u2022 Ricchezze Umane","description":"","publisher":{"@id":"https:\/\/isaia.ricchezzeumane.it\/#organization"},"potentialAction":[{"@type":"SearchAction","target":{"@type":"EntryPoint","urlTemplate":"https:\/\/isaia.ricchezzeumane.it\/?s={search_term_string}"},"query-input":{"@type":"PropertyValueSpecification","valueRequired":true,"valueName":"search_term_string"}}],"inLanguage":"en-US"},{"@type":"Organization","@id":"https:\/\/isaia.ricchezzeumane.it\/#organization","name":"Ricchezze Umane - Corrado Docente & Co. S.a.s.","url":"https:\/\/isaia.ricchezzeumane.it\/","logo":{"@type":"ImageObject","inLanguage":"en-US","@id":"https:\/\/isaia.ricchezzeumane.it\/#\/schema\/logo\/image\/","url":"https:\/\/isaia.ricchezzeumane.it\/wp-content\/uploads\/2018\/09\/isaia.png","contentUrl":"https:\/\/isaia.ricchezzeumane.it\/wp-content\/uploads\/2018\/09\/isaia.png","width":597,"height":286,"caption":"Ricchezze Umane - Corrado Docente & Co. S.a.s."},"image":{"@id":"https:\/\/isaia.ricchezzeumane.it\/#\/schema\/logo\/image\/"},"sameAs":["https:\/\/www.linkedin.com\/in\/corrado-docente-93668814\/"]}]}},"_links":{"self":[{"href":"https:\/\/isaia.ricchezzeumane.it\/en\/wp-json\/wp\/v2\/pages\/771"}],"collection":[{"href":"https:\/\/isaia.ricchezzeumane.it\/en\/wp-json\/wp\/v2\/pages"}],"about":[{"href":"https:\/\/isaia.ricchezzeumane.it\/en\/wp-json\/wp\/v2\/types\/page"}],"author":[{"embeddable":true,"href":"https:\/\/isaia.ricchezzeumane.it\/en\/wp-json\/wp\/v2\/users\/2"}],"replies":[{"embeddable":true,"href":"https:\/\/isaia.ricchezzeumane.it\/en\/wp-json\/wp\/v2\/comments?post=771"}],"version-history":[{"count":0,"href":"https:\/\/isaia.ricchezzeumane.it\/en\/wp-json\/wp\/v2\/pages\/771\/revisions"}],"wp:attachment":[{"href":"https:\/\/isaia.ricchezzeumane.it\/en\/wp-json\/wp\/v2\/media?parent=771"}],"curies":[{"name":"wp","href":"https:\/\/api.w.org\/{rel}","templated":true}]}}